{"id":2,"date":"2025-08-18T10:02:11","date_gmt":"2025-08-18T10:02:11","guid":{"rendered":"https:\/\/daivuong.com\/?page_id=2"},"modified":"2025-08-19T02:45:33","modified_gmt":"2025-08-18T19:45:33","slug":"tong-thong-linh","status":"publish","type":"page","link":"https:\/\/quangtien.org\/capital\/tong-thong-linh\/","title":{"rendered":"T\u1ed5ng th\u1ed1ng l\u0129nh"},"content":{"rendered":"\n<h2 class=\"wp-block-heading has-text-align-center\" style=\"font-size:19px\"><strong>\u00c1NH S\u00c1NG, T\u1ef0 DO, PH\u1ed2N TH\u1ecaNH<\/strong><\/h2>\n\n\n\n<p class=\"has-text-align-center\" style=\"font-size:16px\">Vinh quang ti\u1ebfn b\u1ed9. \u0110\u1ed5i m\u1edbi ph\u00e1t tri\u1ec3n<\/p>\n\n\n<div class=\"wp-block-image border-radius-20px\">\n<figure class=\"aligncenter size-large\"><img decoding=\"async\" src=\"https:\/\/phuchai.com\/wp-content\/uploads\/solaris\/bb\/bb-vip\/sites\/54\/2025\/08\/1000004968.jpg\" alt=\"\" \/><figcaption class=\"wp-element-caption\">Nh\u00e0 c\u00e1ch m\u1ea1ng Tr\u00ecnh V\u0169 H\u1ea3i Khang<\/figcaption><\/figure>\n<\/div>\n\n\n<div style=\"height:15px\" aria-hidden=\"true\" class=\"wp-block-spacer\"><\/div>\n\n\n\n<h2 class=\"wp-block-heading has-text-align-center\" style=\"font-size:38px\">K\u1ef6 NGUY\u00caN<br>QUANG H\u01afNG<\/h2>\n\n\n\n<p class=\"has-text-align-center\"><strong>VINH QUANG. H\u1ea0NH PH\u00daC. GI\u00c0U SANG<\/strong><\/p>\n\n\n\n<div style=\"height:17px\" aria-hidden=\"true\" class=\"wp-block-spacer\"><\/div>\n\n\n\n<p class=\"has-text-align-center\" style=\"font-size:18px\">\u5bb6\u548c\u842c\u4e8b\u8208\u3002\u9326\u8863\u7389\u98df\u3002\u5bb6\u8ca1\u842c\u8cab\u3002<\/p>\n\n\n\n<p class=\"has-text-align-center\" style=\"font-size:28px\">Gia h\u00f2a v\u1ea1n s\u1ef1 h\u01b0ng<br>C\u1ea9m y ng\u1ecdc th\u1ef1c<br>Gia t\u00e0i v\u1ea1n qu\u00e1n<\/p>\n\n\n\n<div style=\"height:21px\" aria-hidden=\"true\" class=\"wp-block-spacer\"><\/div>\n\n\n\n<p class=\"has-text-align-center\"><\/p>\n\n\n\n<div class=\"wp-block-group is-content-justification-center is-nowrap is-layout-flex wp-container-core-group-is-layout-94bc23d7 wp-block-group-is-layout-flex\">\n<p class=\"has-text-align-center ph-button ph-button-04\"><a href=\"https:\/\/phuchai.com\/nha-sang-lap\/\" target=\"_blank\" rel=\"noreferrer noopener\">PH\u00daC T\u00c0I L\u1ed8C \u798f\u8ca1\u797f<\/a><\/p>\n<\/div>\n\n\n\n<div style=\"height:21px\" aria-hidden=\"true\" class=\"wp-block-spacer\"><\/div>\n\n\n\n<p class=\"has-text-align-center\" style=\"font-size:66px\">\u76df\u4e3b<\/p>\n\n\n\n<p class=\"has-text-align-center\" style=\"font-size:24px\">Ch\u00ednh Nh\u1ea5t Quang Minh<br>Tr\u00ecnh V\u0169 H\u1ea3i Khang<br>Minh Ch\u1ee7 T\u1ed5ng Th\u1ed1ng L\u0129nh<\/p>\n\n\n\n<div style=\"height:18px\" aria-hidden=\"true\" class=\"wp-block-spacer\"><\/div>\n\n\n<div class=\"wp-block-image\">\n<figure class=\"aligncenter size-full\"><a href=\"https:\/\/phuchai.com\/phuc-tai-loc\/\" target=\"_blank\" rel=\" noreferrer noopener\"><img decoding=\"async\" src=\"https:\/\/phuchai.com\/wp-content\/uploads\/solaris\/bb\/bb-vip\/sites\/54\/2025\/08\/1000007734.png\" alt=\"\" class=\"wp-image-2304\" \/><\/a><\/figure>\n<\/div>\n\n\n<p class=\"has-text-align-center has-text-color has-link-color wp-elements-116e71c641d1de6256d97558707d1148\" style=\"color:#222222\"><a href=\"https:\/\/phuchai.com\/quang-hung-thoi-dai\/\" target=\"_blank\" rel=\"noreferrer noopener\">\u5149\u8208\u7d00\u5143<\/a> \/ <a href=\"https:\/\/www.facebook.com\/thecapitalist\" target=\"_blank\" rel=\"noreferrer noopener\">H\u1ed2NG V\u0168 QU\u1ea2NG \u0110\u1ea0I<\/a><\/p>\n\n\n\n<div style=\"height:18px\" aria-hidden=\"true\" class=\"wp-block-spacer\"><\/div>\n\n\n\n<p class=\"has-text-align-center\" style=\"font-size:88px\">\u5927\u7fa9<\/p>\n\n\n\n<p class=\"has-text-align-center\">Kim ph\u1ee5ng \u0111\u1ea1i ngh\u0129a, t\u1ea5t l\u1eadp minh ch\u1ee7, ch\u00fang th\u00ednh \u01b0\u1edbc th\u00fac, nhi\u00ean h\u1eadu ti\u1ebfn binh<\/p>\n\n\n\n<p class=\"has-text-align-center\">\u4eca\u5949\u5927\u7fa9, \u5fc5\u7acb\u76df\u4e3b, \u773e\u807d\u7d04\u675f, \u7136\u5f8c\u9032\u5175<\/p>\n\n\n\n<div style=\"height:10px\" aria-hidden=\"true\" class=\"wp-block-spacer\"><\/div>\n\n\n\n<p class=\"has-text-align-center has-text-color has-link-color wp-elements-073a8212b405eed81266684e75789fc2\" style=\"color:#222222;font-size:15px\"><a href=\"https:\/\/phuchai.com\/blog\/date\/2025\/08\/14\/\" target=\"_blank\" rel=\"noreferrer noopener\">14.08.2025<\/a> \/ <a href=\"https:\/\/phuchai.com\/blog\/2122\/\" target=\"_blank\" rel=\"noreferrer noopener\">TVHK<\/a><\/p>\n\n\n\n<div style=\"height:14px\" aria-hidden=\"true\" class=\"wp-block-spacer\"><\/div>\n\n\n\n<p class=\"has-text-align-center\" style=\"font-size:28px\">\u6d2a\u5fb7 \u4ec1\u667a\u52c7 \u798f\u8ca1\u797f<\/p>\n\n\n\n<p class=\"has-text-align-center\" style=\"font-size:36px\">H\u1ed2NG \u0110\u1ee8C<br>NH\u00c2N TR\u00cd D\u0168NG<br>PH\u00daC T\u00c0I L\u1ed8C<\/p>\n\n\n\n<div style=\"height:32px\" aria-hidden=\"true\" class=\"wp-block-spacer\"><\/div>\n\n\n\n<p class=\"has-text-align-center\"><\/p>\n\n\n<div class=\"wp-block-image wp-duotone-unset-1\">\n<figure class=\"aligncenter size-full\"><img loading=\"lazy\" decoding=\"async\" width=\"1080\" height=\"920\" src=\"https:\/\/daivuong.com\/wp-content\/uploads\/solaris\/bb\/bb-vip\/sites\/2\/2025\/08\/1000008106.jpg\" alt=\"\" class=\"wp-image-54\" srcset=\"https:\/\/quangtien.org\/capital\/wp-content\/uploads\/solaris\/bb\/bb-vip\/sites\/2\/2025\/08\/1000008106.jpg 1080w, https:\/\/quangtien.org\/capital\/wp-content\/uploads\/solaris\/bb\/bb-vip\/sites\/2\/2025\/08\/1000008106-300x256.jpg 300w, https:\/\/quangtien.org\/capital\/wp-content\/uploads\/solaris\/bb\/bb-vip\/sites\/2\/2025\/08\/1000008106-1024x872.jpg 1024w, https:\/\/quangtien.org\/capital\/wp-content\/uploads\/solaris\/bb\/bb-vip\/sites\/2\/2025\/08\/1000008106-768x654.jpg 768w\" sizes=\"auto, (max-width: 1080px) 100vw, 1080px\" \/><\/figure>\n<\/div>\n\n\n<p class=\"has-text-align-center\" style=\"font-size:28px\"><strong>TH\u1ecaNH V\u01af\u1ee2NG \u76db\u65fa<\/strong><\/p>\n\n\n\n<p class=\"has-text-align-center\">TR\u00d9M M\u1ea0NG L\u01af\u1edaI<\/p>\n\n\n\n<div style=\"height:17px\" aria-hidden=\"true\" class=\"wp-block-spacer\"><\/div>\n\n\n\n<p class=\"has-text-align-center\" style=\"font-size:24px\">T\u00ednh c\u00e1ch m\u1ea1ng trong c\u00f4ng vi\u1ec7c c\u1ee7a Tr\u00ecnh V\u0169 H\u1ea3i Khang l\u00e0 t\u1ea1o ra \u0110I\u1ec2M T\u1ef0A L\u1edaN<\/p>\n\n\n\n<div style=\"height:12px\" aria-hidden=\"true\" class=\"wp-block-spacer\"><\/div>\n\n\n\n<p class=\"has-text-align-center\" style=\"font-size:24px\">\u0110\u1eb7c \u0111i\u1ec3m s\u1ef1 nghi\u1ec7p c\u1ee7a Tr\u00ecnh V\u0169 H\u1ea3i Khang l\u00e0 B\u1ea2O H\u1ed8 cho s\u1ef1 ph\u00e1t tri\u1ec3n<\/p>\n\n\n\n<div style=\"height:12px\" aria-hidden=\"true\" class=\"wp-block-spacer\"><\/div>\n\n\n\n<p class=\"has-text-align-center\" style=\"font-size:24px\">\u0110\u1eb7c s\u1eafc trong t\u01b0 duy qu\u1ea3n l\u00fd c\u1ee7a Tr\u00ecnh V\u0169 H\u1ea3i Khang l\u00e0 kh\u00e1i ni\u1ec7m: \u0110I\u1ec2M K\u1ebeT N\u1ed0I<\/p>\n\n\n\n<div style=\"height:12px\" aria-hidden=\"true\" class=\"wp-block-spacer\"><\/div>\n\n\n\n<p class=\"has-text-align-center\" style=\"font-size:120px\">\u6d0b<\/p>\n\n\n\n<h2 class=\"wp-block-heading has-text-align-center\" style=\"font-size:48px\">THE<br>CAPITALIST<\/h2>\n\n\n\n<div style=\"height:32px\" aria-hidden=\"true\" class=\"wp-block-spacer\"><\/div>\n","protected":false},"excerpt":{"rendered":"<p>\u00c1NH S\u00c1NG, T\u1ef0 DO, PH\u1ed2N TH\u1ecaNH Vinh quang ti\u1ebfn b\u1ed9. \u0110\u1ed5i m\u1edbi ph\u00e1t tri\u1ec3n K\u1ef6 NGUY\u00caNQUANG H\u01afNG VINH QUANG. H\u1ea0NH PH\u00daC. GI\u00c0U SANG \u5bb6\u548c\u842c\u4e8b\u8208\u3002\u9326\u8863\u7389\u98df\u3002\u5bb6\u8ca1\u842c\u8cab\u3002 Gia h\u00f2a v\u1ea1n s\u1ef1 h\u01b0ngC\u1ea9m y ng\u1ecdc th\u1ef1cGia t\u00e0i v\u1ea1n qu\u00e1n PH\u00daC T\u00c0I L\u1ed8C \u798f\u8ca1\u797f \u76df\u4e3b Ch\u00ednh Nh\u1ea5t Quang MinhTr\u00ecnh V\u0169 H\u1ea3i KhangMinh Ch\u1ee7 T\u1ed5ng Th\u1ed1ng L\u0129nh \u5149\u8208\u7d00\u5143 \/ H\u1ed2NG V\u0168&hellip;<\/p>\n","protected":false},"author":11,"featured_media":0,"parent":0,"menu_order":0,"comment_status":"closed","ping_status":"closed","template":"","meta":{"footnotes":""},"class_list":["post-2","page","type-page","status-publish","hentry"],"_links":{"self":[{"href":"https:\/\/quangtien.org\/capital\/wp-json\/wp\/v2\/pages\/2","targetHints":{"allow":["GET"]}}],"collection":[{"href":"https:\/\/quangtien.org\/capital\/wp-json\/wp\/v2\/pages"}],"about":[{"href":"https:\/\/quangtien.org\/capital\/wp-json\/wp\/v2\/types\/page"}],"author":[{"embeddable":true,"href":"https:\/\/quangtien.org\/capital\/wp-json\/wp\/v2\/users\/11"}],"replies":[{"embeddable":true,"href":"https:\/\/quangtien.org\/capital\/wp-json\/wp\/v2\/comments?post=2"}],"version-history":[{"count":0,"href":"https:\/\/quangtien.org\/capital\/wp-json\/wp\/v2\/pages\/2\/revisions"}],"wp:attachment":[{"href":"https:\/\/quangtien.org\/capital\/wp-json\/wp\/v2\/media?parent=2"}],"curies":[{"name":"wp","href":"https:\/\/api.w.org\/{rel}","templated":true}]}}