{"id":247,"date":"2025-08-19T15:26:36","date_gmt":"2025-08-19T08:26:36","guid":{"rendered":"https:\/\/daivuong.com\/?page_id=247"},"modified":"2025-08-20T04:13:51","modified_gmt":"2025-08-19T21:13:51","slug":"join","status":"publish","type":"page","link":"https:\/\/quangtien.org\/capital\/join\/","title":{"rendered":"Tham gia l\u00e0 Th\u00e0nh vi\u00ean c\u1ee7a m\u1ea1ng l\u01b0\u1edbi \u0110\u1ea1i V\u01b0\u01a1ng"},"content":{"rendered":"\n<p>H\u1ed2NG \u0110\u1ee8C MINH V\u01af\u01a0NG \u0110\u1ea0O QU\u00c1N<\/p>\n\n\n\n<p style=\"font-size:55px\">\u0110\u1ea0I V\u01af\u01a0NG<\/p>\n\n\n\n<p class=\"has-large-font-size\">\u0110\u1ea0I V\u01af\u01a0NG L\u00c0 M\u1ea0NG L\u01af\u1edaI TU H\u00c0NH C\u1ee6A K\u1ef6 NGUY\u00caN S\u1ed0<\/p>\n\n\n\n<div style=\"height:16px\" aria-hidden=\"true\" class=\"wp-block-spacer\"><\/div>\n\n\n\n<p><\/p>\n\n\n\n<h3 class=\"wp-block-heading\">Ph\u00ed th\u00e0nh vi\u00ean c\u1ee7a m\u1ea1ng l\u01b0\u1edbi<\/h3>\n\n\n\n<p>Chi ph\u00ed l\u00e0 th\u00e0nh vi\u00ean c\u1ee7a m\u1ea1ng l\u01b0\u1edbi \u0110\u1ea1i V\u01b0\u01a1ng  trong m\u1ed9t th\u00e1ng l\u00e0 35.000 \u20ab. M\u1ed9t n\u0103m l\u00e0 420.000 \u20ab<\/p>\n\n\n\n<p>Ph\u00ed th\u00e0nh vi\u00ean th\u1eddi gian 5 n\u0103m l\u00e0 2.100.000 \u20ab<\/p>\n\n\n\n<p>\u0110\u1ea1i V\u01b0\u01a1ng t\u1eb7ng ng\u01b0\u1eddi tham gia 100.000\u0111. Nh\u01b0 v\u1eady chi ph\u00ed b\u1ea1n c\u1ea7n b\u1ecf ra \u0111\u1ec3 duy tr\u00ec t\u00e0i kho\u1ea3n trong 5 n\u0103m l\u00e0 2.000.000 \u0111\u1ed3ng (Hai tri\u1ec7u \u0111\u1ed3ng)<\/p>\n\n\n\n<p>Th\u00e0nh vi\u00ean c\u1ee7a m\u1ea1ng l\u01b0\u1edbi \u0110\u1ea1i V\u01b0\u01a1ng \u0111\u00f3ng ti\u1ec1n duy tr\u00ec t\u00e0i kho\u1ea3n 5 n\u0103m m\u1ed9t l\u1ea7n <\/p>\n\n\n\n<div style=\"height:20px\" aria-hidden=\"true\" class=\"wp-block-spacer\"><\/div>\n\n\n\n<h3 class=\"wp-block-heading\">H\u01b0\u1edbng d\u1eabn thanh to\u00e1n v\u00e0 nh\u1eadn t\u00e0i kho\u1ea3n<\/h3>\n\n\n\n<div style=\"height:16px\" aria-hidden=\"true\" class=\"wp-block-spacer\"><\/div>\n\n\n\n<h3 class=\"wp-block-heading\">Quy\u1ec1n l\u1ee3i c\u1ee7a th\u00e0nh vi\u00ean <\/h3>\n\n\n\n<div style=\"height:16px\" aria-hidden=\"true\" class=\"wp-block-spacer\"><\/div>\n\n\n\n<h3 class=\"wp-block-heading\">T\u00ednh ch\u1ea5t c\u00f4ng \u00edch x\u00e3 h\u1ed9i c\u1ee7a m\u1ea1ng l\u01b0\u1edbi \u0110\u1ea1i V\u01b0\u01a1ng <\/h3>\n\n\n\n<p>Chi ph\u00ed tham gia v\u00e0 sinh ho\u1ea1t \u1edf trong m\u1ea1ng l\u01b0\u1edbi l\u00e0 R\u1ea4T H\u1ee2P L\u00dd. Minh ch\u1ee7 Tr\u00ecnh V\u0169 H\u1ea3i Khang \u0111\u1eb7t ra m\u1ee9c ph\u00ed n\u00e0y \u0111\u1ec3 gi\u00fap cho nhi\u1ec1u ng\u01b0\u1eddi \u1edf trong x\u00e3 h\u1ed9i c\u00f3 c\u01a1 h\u1ed9i ti\u1ebfp c\u1eadn v\u1edbi \u1ee9ng d\u1ee5ng s\u1ed1 gi\u00fap tu d\u01b0\u1ee1ng v\u00e0 ph\u00e1t tri\u1ec3n b\u1ea3n th\u00e2n b\u1ea3n th\u00e2n<\/p>\n\n\n\n<p>M\u1ee9c ph\u00ed 35.000\u0111 m\u1ed9t th\u00e1ng l\u00e0 b\u1eb1ng v\u1edbi s\u1ed1 ti\u1ec1n \u0111\u1ec3 mua m\u1ed9t ly c\u00e0 ph\u00ea. Nh\u01b0 v\u1eady ch\u1ec9 v\u1edbi chi ph\u00ed m\u1ed9t c\u1ee7a m\u1ed9t ly c\u00e0 ph\u00ea b\u1ea1n \u0111\u00e3 s\u1edf h\u1eefu trong tay m\u1ed9t ph\u01b0\u01a1ng ti\u1ec7n s\u1ed1 hi\u1ec7n \u0111\u1ea1i gi\u00fap b\u1ea1n c\u00f3 m\u1ed9t n\u01a1i an t\u00e2m, t\u0129nh t\u1ea1i \u0111\u1ec3 m\u00e0 tu t\u1eadp tu d\u01b0\u1ee1ng \u0111\u1ea1o \u0111\u1ee9c r\u00e8n luy\u1ec7n b\u1ea3n th\u00e2n<\/p>\n\n\n\n<p><\/p>\n\n\n\n<p>MINH V\u01af\u01a0NG \u0110\u1ea0O QU\u00c1N l\u00e0 n\u01a1i ch\u00fang ta ti\u1ebfp t\u1ee5c R\u00e8n \u0110\u1ee9c luy\u1ec7n T\u00e0i, sau nh\u1eefng n\u0103m th\u00e1ng r\u1eddi gh\u1ebf nh\u00e0 tr\u01b0\u1eddng<\/p>\n\n\n\n<div style=\"height:16px\" aria-hidden=\"true\" class=\"wp-block-spacer\"><\/div>\n\n\n\n<p><\/p>\n\n\n\n<p><\/p>\n\n\n\n<div style=\"height:20px\" aria-hidden=\"true\" class=\"wp-block-spacer\"><\/div>\n\n\n\n<h3 class=\"wp-block-heading\">C\u00e2u chuy\u1ec7n tu h\u00e0nh tr\u00ean Minh V\u01b0\u01a1ng \u0110\u1ea1o Qu\u00e1n<\/h3>\n\n\n\n<p style=\"font-size:32px\">S\u1eed d\u1ee5ng ph\u01b0\u01a1ng ti\u1ec7n s\u1ed1 hi\u1ec7n \u0111\u1ea1i tr\u1ee3 gi\u00fap qu\u00e1 tr\u00ecnh tu d\u01b0\u1ee1ng r\u00e8n luy\u1ec7n ph\u00e1t tri\u1ec3n b\u1ea3n th\u00e2n<\/p>\n\n\n\n<p><\/p>\n\n\n\n<p>VI\u1ec6C L\u00c0M NH\u1ece, L\u1ee2I \u00cdCH TO<\/p>\n\n\n\n<p><\/p>\n\n\n\n<div style=\"height:16px\" aria-hidden=\"true\" class=\"wp-block-spacer\"><\/div>\n\n\n\n<p><\/p>\n\n\n\n<p><\/p>\n","protected":false},"excerpt":{"rendered":"<p>H\u1ed2NG \u0110\u1ee8C MINH V\u01af\u01a0NG \u0110\u1ea0O QU\u00c1N \u0110\u1ea0I V\u01af\u01a0NG \u0110\u1ea0I V\u01af\u01a0NG L\u00c0 M\u1ea0NG L\u01af\u1edaI TU H\u00c0NH C\u1ee6A K\u1ef6 NGUY\u00caN S\u1ed0 Ph\u00ed th\u00e0nh vi\u00ean c\u1ee7a m\u1ea1ng l\u01b0\u1edbi Chi ph\u00ed l\u00e0 th\u00e0nh vi\u00ean c\u1ee7a m\u1ea1ng l\u01b0\u1edbi \u0110\u1ea1i V\u01b0\u01a1ng trong m\u1ed9t th\u00e1ng l\u00e0 35.000 \u20ab. M\u1ed9t n\u0103m l\u00e0 420.000 \u20ab Ph\u00ed th\u00e0nh vi\u00ean th\u1eddi gian 5 n\u0103m l\u00e0 2.100.000&hellip;<\/p>\n","protected":false},"author":11,"featured_media":0,"parent":0,"menu_order":0,"comment_status":"closed","ping_status":"closed","template":"","meta":{"footnotes":""},"class_list":["post-247","page","type-page","status-publish","hentry"],"_links":{"self":[{"href":"https:\/\/quangtien.org\/capital\/wp-json\/wp\/v2\/pages\/247","targetHints":{"allow":["GET"]}}],"collection":[{"href":"https:\/\/quangtien.org\/capital\/wp-json\/wp\/v2\/pages"}],"about":[{"href":"https:\/\/quangtien.org\/capital\/wp-json\/wp\/v2\/types\/page"}],"author":[{"embeddable":true,"href":"https:\/\/quangtien.org\/capital\/wp-json\/wp\/v2\/users\/11"}],"replies":[{"embeddable":true,"href":"https:\/\/quangtien.org\/capital\/wp-json\/wp\/v2\/comments?post=247"}],"version-history":[{"count":2,"href":"https:\/\/quangtien.org\/capital\/wp-json\/wp\/v2\/pages\/247\/revisions"}],"predecessor-version":[{"id":526,"href":"https:\/\/quangtien.org\/capital\/wp-json\/wp\/v2\/pages\/247\/revisions\/526"}],"wp:attachment":[{"href":"https:\/\/quangtien.org\/capital\/wp-json\/wp\/v2\/media?parent=247"}],"curies":[{"name":"wp","href":"https:\/\/api.w.org\/{rel}","templated":true}]}}